{"id":1811,"date":"2020-05-12T15:53:44","date_gmt":"2020-05-12T15:53:44","guid":{"rendered":"https:\/\/honduras.kolping.pl\/?page_id=1811"},"modified":"2020-05-18T16:01:08","modified_gmt":"2020-05-18T16:01:08","slug":"dzialalnosc","status":"publish","type":"page","link":"https:\/\/honduras.kolping.pl\/index.php\/dzialalnosc\/","title":{"rendered":"DZIA\u0141ALNO\u015a\u0106"},"content":{"rendered":"\n<figure class=\"wp-block-image size-large\"><img loading=\"lazy\" decoding=\"async\" width=\"986\" height=\"569\" src=\"https:\/\/honduras.kolping.pl\/wp-content\/uploads\/2020\/05\/DSC_0018-1.jpg\" alt=\"\" class=\"wp-image-1962\" srcset=\"https:\/\/honduras.kolping.pl\/wp-content\/uploads\/2020\/05\/DSC_0018-1.jpg 986w, https:\/\/honduras.kolping.pl\/wp-content\/uploads\/2020\/05\/DSC_0018-1-300x173.jpg 300w, https:\/\/honduras.kolping.pl\/wp-content\/uploads\/2020\/05\/DSC_0018-1-768x443.jpg 768w\" sizes=\"auto, (max-width: 986px) 100vw, 986px\" \/><\/figure>\n\n\n\n<h2 class=\"has-luminous-vivid-orange-color has-text-color wp-block-heading\"><strong>ROZW\u00d3J OBSZAR\u00d3W WIEJSKICH MIKROKREDYTY<\/strong><\/h2>\n\n\n\n<p class=\"has-normal-font-size\">Dzie\u0142o&nbsp; Kolpinga w Hondurasie prowadzi dzia\u0142ania edukacyjne dot. najlepszych praktyk w rolnictwie i produkcji oraz zarz\u0105dzania finansami, oferuje te\u017c&nbsp;Rodzinom Kolpinga pomoc w monitorowaniu rezultat\u00f3w ich pracy. Dzia\u0142ania te pozwalaj\u0105 producentom dostarcza\u0107 wysokiej jako\u015bci produkty swoim klientom. &nbsp;Ponadto Kolping promuje ochron\u0119 \u015brodowiska i uczy swych cz\u0142onk\u00f3w jak radzi\u0107 sobie z odpadami organicznymi.<\/p>\n\n\n\n<figure class=\"wp-block-image size-large\"><img loading=\"lazy\" decoding=\"async\" width=\"829\" height=\"567\" src=\"https:\/\/honduras.kolping.pl\/wp-content\/uploads\/2020\/05\/IMG_20190910_115050_1-1067x800-3.jpg\" alt=\"\" class=\"wp-image-1965\" srcset=\"https:\/\/honduras.kolping.pl\/wp-content\/uploads\/2020\/05\/IMG_20190910_115050_1-1067x800-3.jpg 829w, https:\/\/honduras.kolping.pl\/wp-content\/uploads\/2020\/05\/IMG_20190910_115050_1-1067x800-3-300x205.jpg 300w, https:\/\/honduras.kolping.pl\/wp-content\/uploads\/2020\/05\/IMG_20190910_115050_1-1067x800-3-768x525.jpg 768w\" sizes=\"auto, (max-width: 829px) 100vw, 829px\" \/><\/figure>\n\n\n\n<h2 class=\"has-luminous-vivid-orange-color has-text-color wp-block-heading\"><strong>MIKROKREDYTY<\/strong><\/h2>\n\n\n\n<p class=\"has-normal-font-size\">Rodziny Kolpinga maj\u0105 mo\u017cliwo\u015b\u0107 uzyskania mikrokretyt\u00f3w na inwestowanie w dzia\u0142alno\u015b\u0107 produkcyjn\u0105.\u00a0 Dzi\u0119ki temu maj\u0105 szans\u0119 odnie\u015b\u0107 sukces jako przedsi\u0119biorcy.<\/p>\n\n\n\n<blockquote class=\"wp-block-quote is-style-large is-layout-flow wp-block-quote-is-layout-flow\"><p><em>Przyk\u0142ad: za\u0142o\u017cenie szklarni makro- i mikrotunelowych do produkcji chili i pomidor\u00f3w we Wschodnim Regionie: RK Sagrada Familia, Familia Cruz i Nueva Vision.<\/em><\/p><\/blockquote>\n\n\n\n<p class=\"has-normal-font-size\">Dzie\u0142o Kolpinga w Hondurasie oferuje mo\u017cliwo\u015b\u0107 za\u0142o\u017cenia firmy osobom znajduj\u0105cym si\u0119 w trudnej sytuacji.<\/p>\n\n\n\n<blockquote class=\"wp-block-quote is-style-default is-layout-flow wp-block-quote-is-layout-flow\"><p><em>Przyk\u0142ady: Rodzina Kolpinga La Victoria de Cristo, do kt\u00f3rej nale\u017c\u0105 dwaj niepe\u0142nosprawni cz\u0142onkowie, zajmuje si\u0119 hodowl\u0105 prosi\u0105t dla spo\u0142eczno\u015bci Teupasenti.<\/em><\/p><p><em>Rodzina Kolpinga San Pedro na po\u0142udniu kraju prowadzi ma\u0142\u0105 firm\u0119 uprawiaj\u0105c\u0105 fasol\u0119. Obecnie firma posiada w\u0142asny sprz\u0119t rolniczy i oferuje klientom r\u00f3\u017cnorodne produkty spo\u017cywcze. Projekt rozpocz\u0105\u0142 si\u0119 od zebrania&nbsp; wk\u0142adu w\u0142asnego od ka\u017cdego z cz\u0142onk\u00f3w rodziny wynosz\u0105cego 4,5 kg ziaren fasoli.<\/em><\/p><\/blockquote>\n\n\n\n<figure class=\"wp-block-image size-large\"><img loading=\"lazy\" decoding=\"async\" width=\"800\" height=\"450\" src=\"https:\/\/honduras.kolping.pl\/wp-content\/uploads\/2020\/05\/h4-1.jpg\" alt=\"\" class=\"wp-image-1963\" srcset=\"https:\/\/honduras.kolping.pl\/wp-content\/uploads\/2020\/05\/h4-1.jpg 800w, https:\/\/honduras.kolping.pl\/wp-content\/uploads\/2020\/05\/h4-1-300x169.jpg 300w, https:\/\/honduras.kolping.pl\/wp-content\/uploads\/2020\/05\/h4-1-768x432.jpg 768w\" sizes=\"auto, (max-width: 800px) 100vw, 800px\" \/><\/figure>\n\n\n\n<h2 class=\"has-luminous-vivid-orange-color has-text-color wp-block-heading\"><strong>FORMACJA<\/strong><\/h2>\n\n\n\n<p class=\"has-drop-cap has-normal-font-size\">Formalna struktura Dzie\u0142a Kolpinga w Hondurasie jest zgodna z za\u0142o\u017ceniami b\u0142. Adolpha Kolpinga, ale dzia\u0142alno\u015b\u0107 formacyjna jest wspierana przez osoby \u015bwieckie \u2013 pos\u0142a\u0144c\u00f3w S\u0142owa Bo\u017cego. Ka\u017cdy z nich anga\u017cuje si\u0119 w swojej spo\u0142eczno\u015bci przyjmuj\u0105c rol\u0119 wychowawcy i&nbsp; opiekuna duchowego. Pos\u0142a\u0144cy celebruj\u0105 liturgi\u0119 S\u0142owa Bo\u017cego z wielk\u0105 rado\u015bci\u0105, entuzjazmem i zaanga\u017cowaniem zw\u0142aszcza w &nbsp;najbardziej odleg\u0142ych zak\u0105tkach kraju, w kt\u00f3rych nie ma ksi\u0119dza.<\/p>\n\n\n\n<figure class=\"wp-block-image size-large\"><img loading=\"lazy\" decoding=\"async\" width=\"864\" height=\"576\" src=\"https:\/\/honduras.kolping.pl\/wp-content\/uploads\/2020\/05\/formacja2.jpg\" alt=\"\" class=\"wp-image-1964\" srcset=\"https:\/\/honduras.kolping.pl\/wp-content\/uploads\/2020\/05\/formacja2.jpg 864w, https:\/\/honduras.kolping.pl\/wp-content\/uploads\/2020\/05\/formacja2-300x200.jpg 300w, https:\/\/honduras.kolping.pl\/wp-content\/uploads\/2020\/05\/formacja2-768x512.jpg 768w\" sizes=\"auto, (max-width: 864px) 100vw, 864px\" \/><\/figure>\n\n\n\n<p><a href=\"https:\/\/honduras.kolping.pl\/index.php\/produkcja-kawy\/\">CZYTAJ WI\u0118CEJ <\/a><\/p>\n","protected":false},"excerpt":{"rendered":"<p>ROZW\u00d3J OBSZAR\u00d3W WIEJSKICH MIKROKREDYTY Dzie\u0142o&nbsp; Kolpinga w Hondurasie prowadzi dzia\u0142ania edukacyjne dot. najlepszych praktyk w rolnictwie i produkcji oraz zarz\u0105dzania finansami, oferuje te\u017c&nbsp;Rodzinom Kolpinga pomoc w monitorowaniu rezultat\u00f3w ich pracy. &#8230;<\/p>\n","protected":false},"author":3,"featured_media":0,"parent":0,"menu_order":0,"comment_status":"closed","ping_status":"closed","template":"","meta":{"give_campaign_id":0,"footnotes":""},"class_list":["post-1811","page","type-page","status-publish","hentry"],"campaignId":"","_links":{"self":[{"href":"https:\/\/honduras.kolping.pl\/index.php\/wp-json\/wp\/v2\/pages\/1811","targetHints":{"allow":["GET"]}}],"collection":[{"href":"https:\/\/honduras.kolping.pl\/index.php\/wp-json\/wp\/v2\/pages"}],"about":[{"href":"https:\/\/honduras.kolping.pl\/index.php\/wp-json\/wp\/v2\/types\/page"}],"author":[{"embeddable":true,"href":"https:\/\/honduras.kolping.pl\/index.php\/wp-json\/wp\/v2\/users\/3"}],"replies":[{"embeddable":true,"href":"https:\/\/honduras.kolping.pl\/index.php\/wp-json\/wp\/v2\/comments?post=1811"}],"version-history":[{"count":8,"href":"https:\/\/honduras.kolping.pl\/index.php\/wp-json\/wp\/v2\/pages\/1811\/revisions"}],"predecessor-version":[{"id":2099,"href":"https:\/\/honduras.kolping.pl\/index.php\/wp-json\/wp\/v2\/pages\/1811\/revisions\/2099"}],"wp:attachment":[{"href":"https:\/\/honduras.kolping.pl\/index.php\/wp-json\/wp\/v2\/media?parent=1811"}],"curies":[{"name":"wp","href":"https:\/\/api.w.org\/{rel}","templated":true}]}}