{"id":1789,"date":"2020-05-12T15:24:53","date_gmt":"2020-05-12T15:24:53","guid":{"rendered":"https:\/\/honduras.kolping.pl\/?page_id=1789"},"modified":"2020-07-01T17:37:27","modified_gmt":"2020-07-01T17:37:27","slug":"nasza-wspolpraca-z-hondurasem","status":"publish","type":"page","link":"https:\/\/honduras.kolping.pl\/index.php\/nasza-wspolpraca-z-hondurasem\/","title":{"rendered":"Nasza wsp\u00f3\u0142praca z Hondurasem"},"content":{"rendered":"\n<div class=\"wp-block-image\"><figure class=\"aligncenter size-large\"><img loading=\"lazy\" decoding=\"async\" width=\"644\" height=\"353\" src=\"https:\/\/honduras.kolping.pl\/wp-content\/uploads\/2020\/05\/kolping_projekt.jpg\" alt=\"\" class=\"wp-image-1699\" srcset=\"https:\/\/honduras.kolping.pl\/wp-content\/uploads\/2020\/05\/kolping_projekt.jpg 644w, https:\/\/honduras.kolping.pl\/wp-content\/uploads\/2020\/05\/kolping_projekt-300x164.jpg 300w\" sizes=\"auto, (max-width: 644px) 100vw, 644px\" \/><\/figure><\/div>\n\n\n\n<p class=\"has-drop-cap has-normal-font-size\">Fundacja Dzie\u0142a Kolpinga w Polsce rozpocz\u0119\u0142a wsp\u00f3\u0142prac\u0119 ze wsp\u00f3lnot\u0105 kolpingowsk\u0105 w Hondurasie w roku 2016. Wtedy zdecydowali\u015bmy, \u017ce chcemy zaproponowa\u0107 cz\u0142onkom Dzie\u0142a Kolpinga w Polsce kaw\u0119, kt\u00f3ra jest produktem uprawianym przez cz\u0142onk\u00f3w z  Kolpinga z najwi\u0119ksz\u0105 staranno\u015bci\u0105 i dba\u0142o\u015bci\u0105 o najwy\u017csz\u0105 jako\u015b\u0107. Za t\u0119 jako\u015b\u0107 rolnicy w Hondurasie otrzymywali pewny i stabilny zarobek, pozwalaj\u0105cy wy\u017cywi\u0107 rodziny i wys\u0142a\u0107 dzieci do szko\u0142y.<\/p>\n\n\n\n<blockquote class=\"wp-block-quote is-style-large is-layout-flow wp-block-quote-is-layout-flow\"><p><br>Postanowili\u015bmy poszerzy\u0107 nasz\u0105 wsp\u00f3\u0142prac\u0119, nie ograniczaj\u0105c si\u0119 jedynie do zakupu kawy. Postawili\u015bmy na partnerstwo i przyja\u017a\u0144.<\/p><\/blockquote>\n\n\n\n<p class=\"has-drop-cap has-normal-font-size\"><br>Po wielu staraniach otrzymali\u015bmy dofinansowanie na realizacj\u0119 miedzynarodowego projektu w partnerstwie z Dzie\u0142em Kolpinga w Meksyku, Hondurasie, Rumunii oraz palarni\u0105 kawy Langen Kaffee w Niemczech. Dzi\u0119ki temu w listopadzie 2018 roku zaprosili\u015bmy Rufino z Kolpinga w Hondurasie do Polski. Wzi\u0105\u0142 on udzia\u0142 w konferencji &#8222;Odpowiedzialny konsument&#8221; w Niepo\u0142omicach, odwiedzi\u0142 te\u017c kilka Rodzin Kolpinga opowiadaj\u0105c o Dziele Kolpinga w Hondurasie oraz \u017cyciu i pracy jego cz\u0142onk\u00f3w. Wielu z Was pozna\u0142o go wtedy osobi\u015bcie.<\/p>\n\n\n\n<figure class=\"wp-block-gallery columns-3 is-cropped wp-block-gallery-1 is-layout-flex wp-block-gallery-is-layout-flex\"><ul class=\"blocks-gallery-grid\"><li class=\"blocks-gallery-item\"><figure><a href=\"https:\/\/honduras.kolping.pl\/wp-content\/uploads\/2020\/05\/IMG_2415-1024x683.jpg\"><img loading=\"lazy\" decoding=\"async\" width=\"1024\" height=\"683\" src=\"https:\/\/honduras.kolping.pl\/wp-content\/uploads\/2020\/05\/IMG_2415-1024x683.jpg\" alt=\"\" data-id=\"1983\" data-link=\"https:\/\/honduras.kolping.pl\/index.php\/nasza-wspolpraca-z-hondurasem\/img_2415\/\" class=\"wp-image-1983\" srcset=\"https:\/\/honduras.kolping.pl\/wp-content\/uploads\/2020\/05\/IMG_2415-1024x683.jpg 1024w, https:\/\/honduras.kolping.pl\/wp-content\/uploads\/2020\/05\/IMG_2415-300x200.jpg 300w, https:\/\/honduras.kolping.pl\/wp-content\/uploads\/2020\/05\/IMG_2415-768x512.jpg 768w, https:\/\/honduras.kolping.pl\/wp-content\/uploads\/2020\/05\/IMG_2415-1536x1024.jpg 1536w, https:\/\/honduras.kolping.pl\/wp-content\/uploads\/2020\/05\/IMG_2415-2048x1365.jpg 2048w\" sizes=\"auto, (max-width: 1024px) 100vw, 1024px\" \/><\/a><\/figure><\/li><li class=\"blocks-gallery-item\"><figure><a href=\"https:\/\/honduras.kolping.pl\/wp-content\/uploads\/2020\/05\/IMG_2490-1024x683.jpg\"><img loading=\"lazy\" decoding=\"async\" width=\"1024\" height=\"683\" src=\"https:\/\/honduras.kolping.pl\/wp-content\/uploads\/2020\/05\/IMG_2490-1024x683.jpg\" alt=\"\" data-id=\"1986\" data-link=\"https:\/\/honduras.kolping.pl\/index.php\/nasza-wspolpraca-z-hondurasem\/img_2490\/\" class=\"wp-image-1986\" srcset=\"https:\/\/honduras.kolping.pl\/wp-content\/uploads\/2020\/05\/IMG_2490-1024x683.jpg 1024w, https:\/\/honduras.kolping.pl\/wp-content\/uploads\/2020\/05\/IMG_2490-300x200.jpg 300w, https:\/\/honduras.kolping.pl\/wp-content\/uploads\/2020\/05\/IMG_2490-768x512.jpg 768w, https:\/\/honduras.kolping.pl\/wp-content\/uploads\/2020\/05\/IMG_2490-1536x1024.jpg 1536w, https:\/\/honduras.kolping.pl\/wp-content\/uploads\/2020\/05\/IMG_2490-2048x1365.jpg 2048w\" sizes=\"auto, (max-width: 1024px) 100vw, 1024px\" \/><\/a><\/figure><\/li><li class=\"blocks-gallery-item\"><figure><a href=\"https:\/\/honduras.kolping.pl\/wp-content\/uploads\/2020\/05\/IMG_2437-scaled.jpg\"><img loading=\"lazy\" decoding=\"async\" width=\"1024\" height=\"683\" src=\"https:\/\/honduras.kolping.pl\/wp-content\/uploads\/2020\/05\/IMG_2437-1024x683.jpg\" alt=\"\" data-id=\"1987\" data-full-url=\"https:\/\/honduras.kolping.pl\/wp-content\/uploads\/2020\/05\/IMG_2437-scaled.jpg\" data-link=\"https:\/\/honduras.kolping.pl\/index.php\/nasza-wspolpraca-z-hondurasem\/img_2437\/\" class=\"wp-image-1987\" srcset=\"https:\/\/honduras.kolping.pl\/wp-content\/uploads\/2020\/05\/IMG_2437-1024x683.jpg 1024w, https:\/\/honduras.kolping.pl\/wp-content\/uploads\/2020\/05\/IMG_2437-300x200.jpg 300w, https:\/\/honduras.kolping.pl\/wp-content\/uploads\/2020\/05\/IMG_2437-768x512.jpg 768w, https:\/\/honduras.kolping.pl\/wp-content\/uploads\/2020\/05\/IMG_2437-1536x1024.jpg 1536w, https:\/\/honduras.kolping.pl\/wp-content\/uploads\/2020\/05\/IMG_2437-2048x1365.jpg 2048w\" sizes=\"auto, (max-width: 1024px) 100vw, 1024px\" \/><\/a><\/figure><\/li><li class=\"blocks-gallery-item\"><figure><a href=\"https:\/\/honduras.kolping.pl\/wp-content\/uploads\/2020\/05\/IMG_2425-1024x683.jpg\"><img loading=\"lazy\" decoding=\"async\" width=\"1024\" height=\"683\" src=\"https:\/\/honduras.kolping.pl\/wp-content\/uploads\/2020\/05\/IMG_2425-1024x683.jpg\" alt=\"\" data-id=\"1984\" data-link=\"https:\/\/honduras.kolping.pl\/index.php\/nasza-wspolpraca-z-hondurasem\/img_2425\/\" class=\"wp-image-1984\" srcset=\"https:\/\/honduras.kolping.pl\/wp-content\/uploads\/2020\/05\/IMG_2425-1024x683.jpg 1024w, https:\/\/honduras.kolping.pl\/wp-content\/uploads\/2020\/05\/IMG_2425-300x200.jpg 300w, https:\/\/honduras.kolping.pl\/wp-content\/uploads\/2020\/05\/IMG_2425-768x512.jpg 768w, https:\/\/honduras.kolping.pl\/wp-content\/uploads\/2020\/05\/IMG_2425-1536x1024.jpg 1536w, https:\/\/honduras.kolping.pl\/wp-content\/uploads\/2020\/05\/IMG_2425-2048x1365.jpg 2048w\" sizes=\"auto, (max-width: 1024px) 100vw, 1024px\" \/><\/a><\/figure><\/li><\/ul><\/figure>\n\n\n\n<p class=\"has-drop-cap has-normal-font-size\"><br>Kolejnym krokiem by\u0142a wizyta w Hondurasie &#8211; odleg\u0142ym kraju po\u0142o\u017conym w sercu Ameryki, ojczy\u017anie Maj\u00f3w, banan\u00f3w i kawy ?.<\/p>\n\n\n\n<blockquote class=\"wp-block-quote is-style-large is-layout-flow wp-block-quote-is-layout-flow\"><p><br>Naszym celem by\u0142o nawi\u0105zanie bli\u017cszych relacji, poznanie warunk\u00f3w w jakich nasi przyjaciele \u017cyj\u0105 i pracuj\u0105 na co dzie\u0144. <\/p><\/blockquote>\n\n\n\n<p class=\"has-drop-cap has-normal-font-size\">Tam powsta\u0142 pami\u0119tnik z podr\u00f3\u017cy oraz film o kawie, kt\u00f3rego premier\u0119 planujemy w dniu zako\u0144czenia 1 etapu zbi\u00f3rki. Mamy nadziej\u0119, \u017ce u\u015bmiech i nadzieja wkr\u00f3tce powr\u00f3c\u0105 na twarze naszych honduraskich przyjaci\u00f3\u0142, kt\u00f3rych codzienno\u015b\u0107 nie oszcz\u0119dza, ale daje nadziej\u0119 na godne \u017cycie dzi\u0119ki uczciwej pracy i p\u0142acy.<\/p>\n\n\n\n<figure class=\"wp-block-gallery columns-3 is-cropped wp-block-gallery-2 is-layout-flex wp-block-gallery-is-layout-flex\"><ul class=\"blocks-gallery-grid\"><li class=\"blocks-gallery-item\"><figure><img loading=\"lazy\" decoding=\"async\" width=\"940\" height=\"788\" src=\"https:\/\/honduras.kolping.pl\/wp-content\/uploads\/2020\/05\/Untitled-design-10-1.png\" alt=\"\" data-id=\"1794\" data-link=\"https:\/\/honduras.kolping.pl\/index.php\/nasza-wspolpraca-z-hondurasem\/untitled-design-10-1\/\" class=\"wp-image-1794\" srcset=\"https:\/\/honduras.kolping.pl\/wp-content\/uploads\/2020\/05\/Untitled-design-10-1.png 940w, https:\/\/honduras.kolping.pl\/wp-content\/uploads\/2020\/05\/Untitled-design-10-1-300x251.png 300w, https:\/\/honduras.kolping.pl\/wp-content\/uploads\/2020\/05\/Untitled-design-10-1-768x644.png 768w\" sizes=\"auto, (max-width: 940px) 100vw, 940px\" \/><\/figure><\/li><li class=\"blocks-gallery-item\"><figure><img loading=\"lazy\" decoding=\"async\" width=\"1024\" height=\"699\" src=\"https:\/\/honduras.kolping.pl\/wp-content\/uploads\/2020\/05\/IMG_20190219_144344-2-1024x699.jpg\" alt=\"\" data-id=\"1912\" data-link=\"https:\/\/honduras.kolping.pl\/index.php\/pomoz\/dav-3\/\" class=\"wp-image-1912\" srcset=\"https:\/\/honduras.kolping.pl\/wp-content\/uploads\/2020\/05\/IMG_20190219_144344-2-1024x699.jpg 1024w, https:\/\/honduras.kolping.pl\/wp-content\/uploads\/2020\/05\/IMG_20190219_144344-2-300x205.jpg 300w, https:\/\/honduras.kolping.pl\/wp-content\/uploads\/2020\/05\/IMG_20190219_144344-2-768x524.jpg 768w, https:\/\/honduras.kolping.pl\/wp-content\/uploads\/2020\/05\/IMG_20190219_144344-2-1536x1049.jpg 1536w, https:\/\/honduras.kolping.pl\/wp-content\/uploads\/2020\/05\/IMG_20190219_144344-2.jpg 1825w\" sizes=\"auto, (max-width: 1024px) 100vw, 1024px\" \/><\/figure><\/li><li class=\"blocks-gallery-item\"><figure><img loading=\"lazy\" decoding=\"async\" width=\"1024\" height=\"683\" src=\"https:\/\/honduras.kolping.pl\/wp-content\/uploads\/2020\/05\/IMG_4837-1024x683.jpg\" alt=\"\" data-id=\"1991\" data-full-url=\"https:\/\/honduras.kolping.pl\/wp-content\/uploads\/2020\/05\/IMG_4837.jpg\" data-link=\"https:\/\/honduras.kolping.pl\/index.php\/nasza-wspolpraca-z-hondurasem\/img_4837\/\" class=\"wp-image-1991\" srcset=\"https:\/\/honduras.kolping.pl\/wp-content\/uploads\/2020\/05\/IMG_4837-1024x683.jpg 1024w, https:\/\/honduras.kolping.pl\/wp-content\/uploads\/2020\/05\/IMG_4837-300x200.jpg 300w, https:\/\/honduras.kolping.pl\/wp-content\/uploads\/2020\/05\/IMG_4837-768x512.jpg 768w, https:\/\/honduras.kolping.pl\/wp-content\/uploads\/2020\/05\/IMG_4837-1536x1024.jpg 1536w, https:\/\/honduras.kolping.pl\/wp-content\/uploads\/2020\/05\/IMG_4837.jpg 1555w\" sizes=\"auto, (max-width: 1024px) 100vw, 1024px\" \/><\/figure><\/li><li class=\"blocks-gallery-item\"><figure><img loading=\"lazy\" decoding=\"async\" width=\"1024\" height=\"683\" src=\"https:\/\/honduras.kolping.pl\/wp-content\/uploads\/2020\/05\/IMG_3754-1024x683.jpg\" alt=\"\" data-id=\"1990\" data-full-url=\"https:\/\/honduras.kolping.pl\/wp-content\/uploads\/2020\/05\/IMG_3754.jpg\" data-link=\"https:\/\/honduras.kolping.pl\/index.php\/nasza-wspolpraca-z-hondurasem\/img_3754\/\" class=\"wp-image-1990\" srcset=\"https:\/\/honduras.kolping.pl\/wp-content\/uploads\/2020\/05\/IMG_3754-1024x683.jpg 1024w, https:\/\/honduras.kolping.pl\/wp-content\/uploads\/2020\/05\/IMG_3754-300x200.jpg 300w, https:\/\/honduras.kolping.pl\/wp-content\/uploads\/2020\/05\/IMG_3754-768x512.jpg 768w, https:\/\/honduras.kolping.pl\/wp-content\/uploads\/2020\/05\/IMG_3754.jpg 1448w\" sizes=\"auto, (max-width: 1024px) 100vw, 1024px\" \/><\/figure><\/li><\/ul><\/figure>\n\n\n\n<div class=\"wp-block-buttons aligncenter is-layout-flex wp-block-buttons-is-layout-flex\">\n<div class=\"wp-block-button\"><a class=\"wp-block-button__link has-background has-luminous-vivid-orange-background-color\" href=\"https:\/\/honduras.kolping.pl\/index.php\/wplac\/\">WP\u0141A\u0106<\/a><\/div>\n<\/div>\n","protected":false},"excerpt":{"rendered":"<p>Fundacja Dzie\u0142a Kolpinga w Polsce rozpocz\u0119\u0142a wsp\u00f3\u0142prac\u0119 ze wsp\u00f3lnot\u0105 kolpingowsk\u0105 w Hondurasie w roku 2016. Wtedy zdecydowali\u015bmy, \u017ce chcemy zaproponowa\u0107 cz\u0142onkom Dzie\u0142a Kolpinga w Polsce kaw\u0119, kt\u00f3ra jest produktem uprawianym &#8230;<\/p>\n","protected":false},"author":3,"featured_media":0,"parent":0,"menu_order":0,"comment_status":"closed","ping_status":"closed","template":"","meta":{"give_campaign_id":0,"footnotes":""},"class_list":["post-1789","page","type-page","status-publish","hentry"],"campaignId":"","_links":{"self":[{"href":"https:\/\/honduras.kolping.pl\/index.php\/wp-json\/wp\/v2\/pages\/1789","targetHints":{"allow":["GET"]}}],"collection":[{"href":"https:\/\/honduras.kolping.pl\/index.php\/wp-json\/wp\/v2\/pages"}],"about":[{"href":"https:\/\/honduras.kolping.pl\/index.php\/wp-json\/wp\/v2\/types\/page"}],"author":[{"embeddable":true,"href":"https:\/\/honduras.kolping.pl\/index.php\/wp-json\/wp\/v2\/users\/3"}],"replies":[{"embeddable":true,"href":"https:\/\/honduras.kolping.pl\/index.php\/wp-json\/wp\/v2\/comments?post=1789"}],"version-history":[{"count":6,"href":"https:\/\/honduras.kolping.pl\/index.php\/wp-json\/wp\/v2\/pages\/1789\/revisions"}],"predecessor-version":[{"id":2152,"href":"https:\/\/honduras.kolping.pl\/index.php\/wp-json\/wp\/v2\/pages\/1789\/revisions\/2152"}],"wp:attachment":[{"href":"https:\/\/honduras.kolping.pl\/index.php\/wp-json\/wp\/v2\/media?parent=1789"}],"curies":[{"name":"wp","href":"https:\/\/api.w.org\/{rel}","templated":true}]}}