{"id":1678,"date":"2020-05-11T16:05:20","date_gmt":"2020-05-11T16:05:20","guid":{"rendered":"https:\/\/honduras.kolping.pl\/?page_id=1678"},"modified":"2020-07-01T17:36:22","modified_gmt":"2020-07-01T17:36:22","slug":"zobacz-jak-dzialamy","status":"publish","type":"page","link":"https:\/\/honduras.kolping.pl\/index.php\/zobacz-jak-dzialamy\/","title":{"rendered":"ZOBACZ JAK DZIA\u0141AMY"},"content":{"rendered":"\n<p style=\"font-size:27px\" class=\"has-text-color has-text-align-center has-luminous-vivid-orange-color\"><strong>NASZYM CELEM JEST ZEBRANIE 20 000 PLN.<\/strong><\/p>\n\n\n\n<p><\/p>\n\n\n\n<p class=\"has-drop-cap has-normal-font-size\">Pieni\u0105dze te przeka\u017cemy do naszego partnera &#8211; Kolpinga w Hondurasie, kt\u00f3ry zakupi jedzenie i \u015brodki higieniczne dla najbiedniejszych. To da gwarancj\u0119, \u017ce ka\u017cda z\u0142ot\u00f3wka, kt\u00f3r\u0105 wp\u0142acisz na konto akcji trafi do najbardziej potrzebuj\u0105cych.<\/p>\n\n\n\n<p><\/p>\n\n\n\n<blockquote class=\"wp-block-quote is-layout-flow wp-block-quote-is-layout-flow\"><p>Kolping Honduras ma do\u015bwiadczenie i mo\u017cliwo\u015bci, by nie\u015b\u0107 realn\u0105 pomoc na miejscu. Jedyne czego nie ma, to pieni\u0105dze&#8230;<\/p><\/blockquote>\n\n\n\n<p class=\"has-normal-font-size\">Kolping w Hondurasie od pocz\u0105tku epidemii zmobilizowa\u0142 wszystkie si\u0142y, aby nie\u015b\u0107 pomoc w tym trudnym czasie. Dostarczy\u0142 rolnikom, nawet z najbardziej oddalonych od cywilizacji wiosek, racje \u017cywno\u015bciowe oraz \u015brodki czysto\u015bci. Pozyska\u0142 \u015brodki finansowe z Niemiec i przekaza\u0142 maseczki i kombinezony dla os\u00f3b pracuj\u0105cych w s\u0142u\u017cbie zdrowia. Sytuacja jednak z dnia na dzie\u0144 staje si\u0119 coraz bardziej dramatyczna. Dlatego potrzebne im nasze wsparcie!<\/p>\n\n\n\n<figure class=\"wp-block-gallery columns-2 is-cropped wp-block-gallery-1 is-layout-flex wp-block-gallery-is-layout-flex\"><ul class=\"blocks-gallery-grid\"><li class=\"blocks-gallery-item\"><figure><img loading=\"lazy\" decoding=\"async\" width=\"960\" height=\"640\" src=\"https:\/\/honduras.kolping.pl\/wp-content\/uploads\/2020\/05\/94773783_3021088521245810_2615648062655168512_o-1.jpg\" alt=\"\" data-id=\"1840\" data-full-url=\"https:\/\/honduras.kolping.pl\/wp-content\/uploads\/2020\/05\/94773783_3021088521245810_2615648062655168512_o-1.jpg\" data-link=\"https:\/\/honduras.kolping.pl\/index.php\/kryzys-w-hondurasie\/94773783_3021088521245810_2615648062655168512_o-2\/\" class=\"wp-image-1840\" srcset=\"https:\/\/honduras.kolping.pl\/wp-content\/uploads\/2020\/05\/94773783_3021088521245810_2615648062655168512_o-1.jpg 960w, https:\/\/honduras.kolping.pl\/wp-content\/uploads\/2020\/05\/94773783_3021088521245810_2615648062655168512_o-1-300x200.jpg 300w, https:\/\/honduras.kolping.pl\/wp-content\/uploads\/2020\/05\/94773783_3021088521245810_2615648062655168512_o-1-768x512.jpg 768w\" sizes=\"auto, (max-width: 960px) 100vw, 960px\" \/><\/figure><\/li><li class=\"blocks-gallery-item\"><figure><img loading=\"lazy\" decoding=\"async\" width=\"960\" height=\"640\" src=\"https:\/\/honduras.kolping.pl\/wp-content\/uploads\/2020\/05\/1.jpg\" alt=\"\" data-id=\"1619\" data-full-url=\"https:\/\/honduras.kolping.pl\/wp-content\/uploads\/2020\/05\/1.jpg\" data-link=\"https:\/\/honduras.kolping.pl\/1-2\/\" class=\"wp-image-1619\" srcset=\"https:\/\/honduras.kolping.pl\/wp-content\/uploads\/2020\/05\/1.jpg 960w, https:\/\/honduras.kolping.pl\/wp-content\/uploads\/2020\/05\/1-300x200.jpg 300w, https:\/\/honduras.kolping.pl\/wp-content\/uploads\/2020\/05\/1-768x512.jpg 768w\" sizes=\"auto, (max-width: 960px) 100vw, 960px\" \/><\/figure><\/li><li class=\"blocks-gallery-item\"><figure><img loading=\"lazy\" decoding=\"async\" width=\"1280\" height=\"960\" src=\"https:\/\/honduras.kolping.pl\/wp-content\/uploads\/2020\/05\/IMG-20200428-WA0088.jpg\" alt=\"\" data-id=\"1608\" data-full-url=\"https:\/\/honduras.kolping.pl\/wp-content\/uploads\/2020\/05\/IMG-20200428-WA0088.jpg\" data-link=\"https:\/\/honduras.kolping.pl\/index.php\/gallery\/img-20200428-wa0088\/\" class=\"wp-image-1608\" srcset=\"https:\/\/honduras.kolping.pl\/wp-content\/uploads\/2020\/05\/IMG-20200428-WA0088.jpg 1280w, https:\/\/honduras.kolping.pl\/wp-content\/uploads\/2020\/05\/IMG-20200428-WA0088-300x225.jpg 300w, https:\/\/honduras.kolping.pl\/wp-content\/uploads\/2020\/05\/IMG-20200428-WA0088-1024x768.jpg 1024w, https:\/\/honduras.kolping.pl\/wp-content\/uploads\/2020\/05\/IMG-20200428-WA0088-768x576.jpg 768w\" sizes=\"auto, (max-width: 1280px) 100vw, 1280px\" \/><\/figure><\/li><\/ul><\/figure>\n\n\n\n<div class=\"wp-block-buttons aligncenter is-layout-flex wp-block-buttons-is-layout-flex\">\n<div class=\"wp-block-button is-style-fill\"><a class=\"wp-block-button__link has-text-color has-very-light-gray-color has-background has-luminous-vivid-orange-background-color\" href=\"https:\/\/honduras.kolping.pl\/index.php\/wplac\/\" target=\"_blank\" rel=\"noreferrer noopener\">WP\u0141A\u0106<\/a><\/div>\n<\/div>\n\n\n\n<h1 class=\"has-luminous-vivid-orange-color has-text-color wp-block-heading\">WA\u017bNE<\/h1>\n\n\n\n<p class=\"has-normal-font-size\">Ca\u0142o\u015b\u0107 zebranej podczas akcji kwoty trafia prosto do Hondurasu. <strong>Wszelkie koszty administracyjne<\/strong>, np. zwi\u0105zane z funkcjonowaniem tej strony internetowej ponosi Dzie\u0142o Kolpinga w Polsce.<\/p>\n\n\n\n<h2 class=\"has-text-align-center wp-block-heading\">Nasz zesp\u00f3\u0142:<\/h2>\n\n\n\n<h2 class=\"has-luminous-vivid-orange-color has-text-color has-text-align-center wp-block-heading\">KOLPING POLSKA<\/h2>\n\n\n\n<div class=\"wp-block-image is-style-rounded\"><figure class=\"aligncenter size-large is-resized\"><img loading=\"lazy\" decoding=\"async\" src=\"https:\/\/honduras.kolping.pl\/wp-content\/uploads\/2020\/05\/wolski3.jpg\" alt=\"\" class=\"wp-image-1876\" width=\"182\" height=\"180\"\/><\/figure><\/div>\n\n\n\n<h4 class=\"has-text-align-center wp-block-heading\">KRZYSZTOF WOLSKI<\/h4>\n\n\n\n<div class=\"wp-block-image is-style-rounded\"><figure class=\"aligncenter size-large is-resized\"><img loading=\"lazy\" decoding=\"async\" src=\"https:\/\/honduras.kolping.pl\/wp-content\/uploads\/2020\/05\/bozenka-2.jpg\" alt=\"\" class=\"wp-image-1936\" width=\"182\" height=\"180\"\/><\/figure><\/div>\n\n\n\n<h4 class=\"has-text-align-center wp-block-heading\">BO\u017bENA MICHA\u0141EK<\/h4>\n\n\n\n<div class=\"wp-block-group\"><div class=\"wp-block-group__inner-container is-layout-flow wp-block-group-is-layout-flow\">\n<div class=\"wp-block-image is-style-rounded\"><figure class=\"aligncenter size-medium is-resized\"><img loading=\"lazy\" decoding=\"async\" src=\"https:\/\/honduras.kolping.pl\/wp-content\/uploads\/2020\/05\/magda-1-rotated-e1589381101219-300x298.jpg\" alt=\"test a\" class=\"wp-image-1864\" width=\"182\" height=\"180\" title=\"test\" srcset=\"https:\/\/honduras.kolping.pl\/wp-content\/uploads\/2020\/05\/magda-1-rotated-e1589381101219-300x298.jpg 300w, https:\/\/honduras.kolping.pl\/wp-content\/uploads\/2020\/05\/magda-1-rotated-e1589381101219-1024x1019.jpg 1024w, https:\/\/honduras.kolping.pl\/wp-content\/uploads\/2020\/05\/magda-1-rotated-e1589381101219-768x764.jpg 768w, https:\/\/honduras.kolping.pl\/wp-content\/uploads\/2020\/05\/magda-1-rotated-e1589381101219-1536x1528.jpg 1536w, https:\/\/honduras.kolping.pl\/wp-content\/uploads\/2020\/05\/magda-1-rotated-e1589381101219.jpg 1728w\" sizes=\"auto, (max-width: 182px) 100vw, 182px\" \/><\/figure><\/div>\n<\/div><\/div>\n\n\n\n<h4 class=\"has-text-align-center wp-block-heading\">MAGDALENA SZCZUD\u0141O <\/h4>\n\n\n\n<div class=\"wp-block-image is-style-rounded\"><figure class=\"aligncenter size-large is-resized\"><img loading=\"lazy\" decoding=\"async\" src=\"https:\/\/honduras.kolping.pl\/wp-content\/uploads\/2020\/05\/Patrycja.jpg\" alt=\"\" class=\"wp-image-1942\" width=\"182\" height=\"180\"\/><\/figure><\/div>\n\n\n\n<h4 class=\"has-text-align-center wp-block-heading\">PATRYCJA KWAPIK<\/h4>\n\n\n\n<div class=\"wp-block-group\"><div class=\"wp-block-group__inner-container is-layout-flow wp-block-group-is-layout-flow\">\n<div class=\"wp-block-group\"><div class=\"wp-block-group__inner-container is-layout-flow wp-block-group-is-layout-flow\">\n<div class=\"wp-block-image is-style-rounded\"><figure class=\"aligncenter size-large is-resized\"><img loading=\"lazy\" decoding=\"async\" src=\"https:\/\/honduras.kolping.pl\/wp-content\/uploads\/2020\/05\/12347987_556456991174043_6223767315270799744_n.jpg\" alt=\"\" class=\"wp-image-1881\" width=\"182\" height=\"180\"\/><\/figure><\/div>\n<\/div><\/div>\n<\/div><\/div>\n\n\n\n<h4 class=\"has-text-align-center wp-block-heading\">  MONIKA D\u0104BROWSKA<\/h4>\n\n\n\n<h2 class=\"has-luminous-vivid-orange-color has-text-color has-text-align-center wp-block-heading\">KOLPING HONDURAS<\/h2>\n\n\n\n<div class=\"wp-block-image is-style-rounded\"><figure class=\"aligncenter size-large is-resized\"><img loading=\"lazy\" decoding=\"async\" src=\"https:\/\/honduras.kolping.pl\/wp-content\/uploads\/2020\/05\/IMG_3818-1.jpg\" alt=\"\" class=\"wp-image-1879\" width=\"182\" height=\"180\"\/><\/figure><\/div>\n\n\n\n<h4 class=\"has-text-align-center wp-block-heading\">RUFINO RODRIGUEZ<\/h4>\n\n\n\n<div class=\"wp-block-image is-style-rounded\"><figure class=\"aligncenter size-large is-resized\"><img loading=\"lazy\" decoding=\"async\" src=\"https:\/\/honduras.kolping.pl\/wp-content\/uploads\/2020\/05\/IMG_4669-Edwin-Mauricio.jpg\" alt=\"\" class=\"wp-image-1937\" width=\"182\" height=\"180\" srcset=\"https:\/\/honduras.kolping.pl\/wp-content\/uploads\/2020\/05\/IMG_4669-Edwin-Mauricio.jpg 384w, https:\/\/honduras.kolping.pl\/wp-content\/uploads\/2020\/05\/IMG_4669-Edwin-Mauricio-300x298.jpg 300w\" sizes=\"auto, (max-width: 182px) 100vw, 182px\" \/><\/figure><\/div>\n\n\n\n<h4 class=\"has-text-align-center wp-block-heading\">EDWIN AVILA<\/h4>\n\n\n\n<div class=\"wp-block-image is-style-rounded\"><figure class=\"aligncenter size-large is-resized\"><img loading=\"lazy\" decoding=\"async\" src=\"https:\/\/honduras.kolping.pl\/wp-content\/uploads\/2020\/05\/IMG_5601-Sandra.jpg\" alt=\"\" class=\"wp-image-1939\" width=\"182\" height=\"180\"\/><\/figure><\/div>\n\n\n\n<h4 class=\"has-text-align-center wp-block-heading\">SANDRA PERALTA FONSECA <\/h4>\n\n\n\n<div class=\"wp-block-image is-style-rounded\"><figure class=\"aligncenter size-large is-resized\"><img loading=\"lazy\" decoding=\"async\" src=\"https:\/\/honduras.kolping.pl\/wp-content\/uploads\/2020\/05\/IMG_5422-Said.jpg\" alt=\"\" class=\"wp-image-1938\" width=\"182\" height=\"180\"\/><\/figure><\/div>\n\n\n\n<h4 class=\"has-text-align-center wp-block-heading\">SAID RODRIGUEZ<\/h4>\n\n\n\n<p><\/p>\n\n\n\n<p><\/p>\n","protected":false},"excerpt":{"rendered":"<p>NASZYM CELEM JEST ZEBRANIE 20 000 PLN. Pieni\u0105dze te przeka\u017cemy do naszego partnera &#8211; Kolpinga w Hondurasie, kt\u00f3ry zakupi jedzenie i \u015brodki higieniczne dla najbiedniejszych. To da gwarancj\u0119, \u017ce ka\u017cda &#8230;<\/p>\n","protected":false},"author":3,"featured_media":0,"parent":0,"menu_order":0,"comment_status":"closed","ping_status":"closed","template":"","meta":{"give_campaign_id":0,"footnotes":""},"class_list":["post-1678","page","type-page","status-publish","hentry"],"campaignId":"","_links":{"self":[{"href":"https:\/\/honduras.kolping.pl\/index.php\/wp-json\/wp\/v2\/pages\/1678","targetHints":{"allow":["GET"]}}],"collection":[{"href":"https:\/\/honduras.kolping.pl\/index.php\/wp-json\/wp\/v2\/pages"}],"about":[{"href":"https:\/\/honduras.kolping.pl\/index.php\/wp-json\/wp\/v2\/types\/page"}],"author":[{"embeddable":true,"href":"https:\/\/honduras.kolping.pl\/index.php\/wp-json\/wp\/v2\/users\/3"}],"replies":[{"embeddable":true,"href":"https:\/\/honduras.kolping.pl\/index.php\/wp-json\/wp\/v2\/comments?post=1678"}],"version-history":[{"count":31,"href":"https:\/\/honduras.kolping.pl\/index.php\/wp-json\/wp\/v2\/pages\/1678\/revisions"}],"predecessor-version":[{"id":2151,"href":"https:\/\/honduras.kolping.pl\/index.php\/wp-json\/wp\/v2\/pages\/1678\/revisions\/2151"}],"wp:attachment":[{"href":"https:\/\/honduras.kolping.pl\/index.php\/wp-json\/wp\/v2\/media?parent=1678"}],"curies":[{"name":"wp","href":"https:\/\/api.w.org\/{rel}","templated":true}]}}