{"id":1649,"date":"2020-05-11T15:18:47","date_gmt":"2020-05-11T15:18:47","guid":{"rendered":"https:\/\/honduras.kolping.pl\/?page_id=1649"},"modified":"2020-07-24T00:12:57","modified_gmt":"2020-07-24T00:12:57","slug":"wplac","status":"publish","type":"page","link":"https:\/\/honduras.kolping.pl\/index.php\/wplac\/","title":{"rendered":"Wp\u0142a\u0107"},"content":{"rendered":"\n<p class=\"has-normal-font-size\">W\u0142a\u015bnie w tej chwili, kto\u015b w Hondurasie nie ma jedzenia, by przygotowa\u0107 posi\u0142ek dla swojej rodziny&#8230; <br>W\u0142a\u015bnie w tej chwili kto\u015b w Hondurasie p\u0142acze z bezsilno\u015bci, bo w domu, ani sklepie nie ma ju\u017c myd\u0142a&#8230;<\/p>\n\n\n\n<h5 class=\"has-luminous-vivid-orange-color has-text-color wp-block-heading\">Ju\u017c dzi\u015b zr\u00f3b przelew na konto akcji RAZEM DLA HONDURASU:<\/h5>\n\n\n\n<p class=\"has-normal-font-size\">Numer konta: <strong>90 1050 1445 1000 0090 8058 4361<\/strong><\/p>\n\n\n\n<p class=\"has-normal-font-size\">Fundacja Dzie\u0142a Kolpinga w Polsce<br>Tytu\u0142: Razem dla Hondurasu.<\/p>\n\n\n\n<p class=\"has-normal-font-size\"><em>Prosimy o podanie w tytule wp\u0142aty swojego adresu e-mail. B\u0119dziemy mogli przes\u0142a\u0107 Ci podzi\u0119kowanie za Twoj\u0105 pomoc. Pami\u0119taj \u2013 ka\u017cd\u0105 wp\u0142acon\u0105 darowizn\u0119 mo\u017cesz odliczy\u0107 od dochodu przed opodatkowaniem!<\/em><\/p>\n\n\n\n<div style=\"height:36px\" aria-hidden=\"true\" class=\"wp-block-spacer\"><\/div>\n\n\n\n<p class=\"has-text-color has-normal-font-size has-luminous-vivid-orange-color\"><strong>Co mo\u017cemy kupi\u0107 dzi\u0119ki Twojej wp\u0142acie? Przyk\u0142adowo:<\/strong><\/p>\n\n\n\n<p class=\"has-normal-font-size\"><strong>10 z\u0142<\/strong> \u2013 troszeczk\u0119 fasoli  &#8211; <a rel=\"noreferrer noopener\" href=\"https:\/\/ssl.dotpay.pl\/t2\/?pid=khkxvakk92pwt3m75bcd6i27r4xogyy3\" target=\"_blank\"><strong>wp\u0142a\u0107<\/strong> t\u0119 kwot\u0119 online<\/a><\/p>\n\n\n\n<p class=\"has-normal-font-size\"><strong>30 z\u0142<\/strong> \u2013 ma\u0142y worek fasoli dla kilkuosobowej rodziny &#8211; <a href=\"https:\/\/ssl.dotpay.pl\/t2\/?pid=ne1g064uune3gc68snpp2nd98h0g2k52\" target=\"_blank\" rel=\"noreferrer noopener\"><strong>wp\u0142a\u0107<\/strong> t\u0119 kwot\u0119 online<\/a><\/p>\n\n\n\n<p class=\"has-normal-font-size\"><strong>100 z\u0142 <\/strong>&#8211; worek fasoli i \u015brodki czysto\u015bci dla rodziny  &#8211; <a href=\"https:\/\/ssl.dotpay.pl\/t2\/?pid=5jmmeq54fyhdytuxd28dja4b9yp5pd59\" target=\"_blank\" rel=\"noreferrer noopener\"><strong>wp\u0142a\u0107<\/strong> t\u0105 kwot\u0119 online<\/a><\/p>\n\n\n\n<p class=\"has-normal-font-size\"><strong>590 z\u0142<\/strong> \u2013 du\u017cy worek fasoli, kt\u00f3ry wystarczy kilkuosobowej rodzinie na miesi\u0105c. &#8211; <a href=\"https:\/\/ssl.dotpay.pl\/t2\/?pid=52d2xrpfkyo0m1vb3542fvv75gi7rdi0\" target=\"_blank\" rel=\"noreferrer noopener\"><strong>wp\u0142a\u0107<\/strong> t\u0105 kwot\u0119 online<\/a><\/p>\n\n\n\n<figure class=\"wp-block-image size-large is-resized\"><img loading=\"lazy\" decoding=\"async\" src=\"https:\/\/honduras.kolping.pl\/wp-content\/uploads\/2020\/07\/channel_logos2.png\" alt=\"\" class=\"wp-image-2162\" width=\"591\" height=\"58\"\/><\/figure>\n\n\n\n<div style=\"height:63px\" aria-hidden=\"true\" class=\"wp-block-spacer\"><\/div>\n\n\n\n<div style=\"height:20px\" aria-hidden=\"true\" class=\"wp-block-spacer\"><\/div>\n\n\n\n<div class=\"wp-block-image\"><figure class=\"aligncenter size-large is-resized\"><img loading=\"lazy\" decoding=\"async\" src=\"https:\/\/honduras.kolping.pl\/wp-content\/uploads\/2020\/05\/Mi\u0119dzynarodowy-Dzie\u0144-Rodzin-2-2.png\" alt=\"\" class=\"wp-image-2059\" width=\"632\" height=\"530\" srcset=\"https:\/\/honduras.kolping.pl\/wp-content\/uploads\/2020\/05\/Mi\u0119dzynarodowy-Dzie\u0144-Rodzin-2-2.png 940w, https:\/\/honduras.kolping.pl\/wp-content\/uploads\/2020\/05\/Mi\u0119dzynarodowy-Dzie\u0144-Rodzin-2-2-300x251.png 300w, https:\/\/honduras.kolping.pl\/wp-content\/uploads\/2020\/05\/Mi\u0119dzynarodowy-Dzie\u0144-Rodzin-2-2-768x644.png 768w\" sizes=\"auto, (max-width: 632px) 100vw, 632px\" \/><\/figure><\/div>\n\n\n\n<p class=\"has-text-align-center\">Bezpieczne wp\u0142aty darowizn online naszej stronie zrealizujesz za po\u015brednictwem DotPay: <\/p>\n\n\n\n<p>Informujemy, \u017ce wp\u0142aty darowizn realizowane za po\u015brednictwem powy\u017cszych odno\u015bnik\u00f3w realizuje serwis Dotpay. Fundacj\u0105 Dzie\u0142a Kolpinga w Polsce&nbsp;nie przechowuje \u017cadnych danych\/informacji (ani osobowych ani finansowych) na temat wp\u0142at realizowanych przez Dotpay.<\/p>\n\n\n\n<p>Oznacza to w szczeg\u00f3lno\u015bci, \u017ce w celu otrzymania potwierdzenia przekazania darowizny dla Fundacji Dzie\u0142a Kolpinga w Polsce sugerujemy wykonanie przelewu bezpo\u015brednio na&nbsp;nasze konto przelewem tradycyjnym<\/p>\n\n\n\n<p><a href=\"https:\/\/honduras.kolping.pl\/wp-content\/uploads\/2020\/06\/regulamin_dotpay.pdf\">Regulamin DotPay<\/a><br><a href=\"https:\/\/honduras.kolping.pl\/wp-content\/uploads\/2020\/06\/Polityka-prywatno%C5%9Bci-strona-za%C5%82.-nr1.pdf\">Polityka prywatno\u015bci<\/a><br><a href=\"https:\/\/honduras.kolping.pl\/wp-content\/uploads\/2020\/06\/Regulamin-portalu.pdf\">Regulamin portalu<\/a><\/p>\n\n\n\n<p><\/p>\n","protected":false},"excerpt":{"rendered":"<p>W\u0142a\u015bnie w tej chwili, kto\u015b w Hondurasie nie ma jedzenia, by przygotowa\u0107 posi\u0142ek dla swojej rodziny&#8230; W\u0142a\u015bnie w tej chwili kto\u015b w Hondurasie p\u0142acze z bezsilno\u015bci, bo w domu, ani &#8230;<\/p>\n","protected":false},"author":3,"featured_media":0,"parent":0,"menu_order":0,"comment_status":"closed","ping_status":"closed","template":"template-fullwidth.php","meta":{"give_campaign_id":0,"footnotes":""},"class_list":["post-1649","page","type-page","status-publish","hentry"],"campaignId":"","_links":{"self":[{"href":"https:\/\/honduras.kolping.pl\/index.php\/wp-json\/wp\/v2\/pages\/1649","targetHints":{"allow":["GET"]}}],"collection":[{"href":"https:\/\/honduras.kolping.pl\/index.php\/wp-json\/wp\/v2\/pages"}],"about":[{"href":"https:\/\/honduras.kolping.pl\/index.php\/wp-json\/wp\/v2\/types\/page"}],"author":[{"embeddable":true,"href":"https:\/\/honduras.kolping.pl\/index.php\/wp-json\/wp\/v2\/users\/3"}],"replies":[{"embeddable":true,"href":"https:\/\/honduras.kolping.pl\/index.php\/wp-json\/wp\/v2\/comments?post=1649"}],"version-history":[{"count":35,"href":"https:\/\/honduras.kolping.pl\/index.php\/wp-json\/wp\/v2\/pages\/1649\/revisions"}],"predecessor-version":[{"id":2195,"href":"https:\/\/honduras.kolping.pl\/index.php\/wp-json\/wp\/v2\/pages\/1649\/revisions\/2195"}],"wp:attachment":[{"href":"https:\/\/honduras.kolping.pl\/index.php\/wp-json\/wp\/v2\/media?parent=1649"}],"curies":[{"name":"wp","href":"https:\/\/api.w.org\/{rel}","templated":true}]}}